{"id":2439,"date":"2024-09-05T15:42:15","date_gmt":"2024-09-05T20:42:15","guid":{"rendered":"https:\/\/laplayitaislafuerte.com\/?page_id=2439"},"modified":"2025-03-07T09:14:37","modified_gmt":"2025-03-07T14:14:37","slug":"contacto","status":"publish","type":"page","link":"https:\/\/laplayitaislafuerte.com\/eng\/contacto\/","title":{"rendered":"Contact"},"content":{"rendered":"\t\t<div data-elementor-type=\"wp-page\" data-elementor-id=\"2439\" class=\"elementor elementor-2439\" data-elementor-post-type=\"page\">\n\t\t\t\t<div class=\"elementor-element elementor-element-bf7ace2 e-con-full e-flex e-con e-parent\" data-id=\"bf7ace2\" data-element_type=\"container\" data-e-type=\"container\" data-settings=\"{&quot;background_background&quot;:&quot;classic&quot;}\">\n\t\t\t\t<div class=\"elementor-element elementor-element-2a78bee9 elementor-widget elementor-widget-spacer\" data-id=\"2a78bee9\" data-element_type=\"widget\" data-e-type=\"widget\" data-widget_type=\"spacer.default\">\n\t\t\t\t<div class=\"elementor-widget-container\">\n\t\t\t\t\t\t\t<div class=\"elementor-spacer\">\n\t\t\t<div class=\"elementor-spacer-inner\"><\/div>\n\t\t<\/div>\n\t\t\t\t\t\t<\/div>\n\t\t\t\t<\/div>\n\t\t\t\t<div class=\"elementor-element elementor-element-3496ab32 elementor-widget elementor-widget-heading\" data-id=\"3496ab32\" data-element_type=\"widget\" data-e-type=\"widget\" data-widget_type=\"heading.default\">\n\t\t\t\t<div class=\"elementor-widget-container\">\n\t\t\t\t\t<h1 class=\"elementor-heading-title elementor-size-default\">Contacto<\/h1>\t\t\t\t<\/div>\n\t\t\t\t<\/div>\n\t\t\t\t<div class=\"elementor-element elementor-element-286488a4 elementor-align-center elementor-widget elementor-widget-breadcrumbs\" data-id=\"286488a4\" data-element_type=\"widget\" data-e-type=\"widget\" data-widget_type=\"breadcrumbs.default\">\n\t\t\t\t<div class=\"elementor-widget-container\">\n\t\t\t\t\t<p id=\"breadcrumbs\"><span><span><a href=\"https:\/\/laplayitaislafuerte.com\/\">Inicio<\/a><\/span><\/span><\/p>\t\t\t\t<\/div>\n\t\t\t\t<\/div>\n\t\t\t\t<\/div>\n\t\t<div class=\"elementor-element elementor-element-c321759 e-flex e-con-boxed e-con e-parent\" data-id=\"c321759\" data-element_type=\"container\" data-e-type=\"container\" data-settings=\"{&quot;background_background&quot;:&quot;classic&quot;}\">\n\t\t\t\t\t<div class=\"e-con-inner\">\n\t\t\t\t<div class=\"elementor-element elementor-element-3558065 elementor-absolute elementor-widget elementor-widget-image\" data-id=\"3558065\" data-element_type=\"widget\" data-e-type=\"widget\" data-settings=\"{&quot;_position&quot;:&quot;absolute&quot;,&quot;motion_fx_motion_fx_scrolling&quot;:&quot;yes&quot;,&quot;motion_fx_translateY_effect&quot;:&quot;yes&quot;,&quot;motion_fx_translateY_speed&quot;:{&quot;unit&quot;:&quot;px&quot;,&quot;size&quot;:4,&quot;sizes&quot;:[]},&quot;motion_fx_translateY_affectedRange&quot;:{&quot;unit&quot;:&quot;%&quot;,&quot;size&quot;:&quot;&quot;,&quot;sizes&quot;:{&quot;start&quot;:0,&quot;end&quot;:100}},&quot;motion_fx_devices&quot;:[&quot;desktop&quot;,&quot;tablet&quot;,&quot;mobile&quot;]}\" data-widget_type=\"image.default\">\n\t\t\t\t<div class=\"elementor-widget-container\">\n\t\t\t\t\t\t\t\t\t\t\t\t\t\t\t<img decoding=\"async\" src=\"https:\/\/laplayitaislafuerte.com\/wp-content\/uploads\/2024\/09\/Capa-106-2.png\" title=\"\" alt=\"\" loading=\"lazy\" \/>\t\t\t\t\t\t\t\t\t\t\t\t\t\t\t<\/div>\n\t\t\t\t<\/div>\n\t\t<div class=\"elementor-element elementor-element-cbe3efe e-con-full e-flex e-con e-child\" data-id=\"cbe3efe\" data-element_type=\"container\" data-e-type=\"container\">\n\t\t\t\t<div class=\"elementor-element elementor-element-a9ea1df elementor-widget elementor-widget-image\" data-id=\"a9ea1df\" data-element_type=\"widget\" data-e-type=\"widget\" data-widget_type=\"image.default\">\n\t\t\t\t<div class=\"elementor-widget-container\">\n\t\t\t\t\t\t\t\t\t\t\t\t\t\t\t<img fetchpriority=\"high\" decoding=\"async\" width=\"683\" height=\"1024\" src=\"https:\/\/laplayitaislafuerte.com\/wp-content\/uploads\/2025\/01\/MAS02027-min-683x1024.webp\" class=\"attachment-large size-large wp-image-5097\" alt=\"\" srcset=\"https:\/\/laplayitaislafuerte.com\/wp-content\/uploads\/2025\/01\/MAS02027-min-683x1024.webp 683w, https:\/\/laplayitaislafuerte.com\/wp-content\/uploads\/2025\/01\/MAS02027-min-200x300.webp 200w, https:\/\/laplayitaislafuerte.com\/wp-content\/uploads\/2025\/01\/MAS02027-min-768x1152.webp 768w, https:\/\/laplayitaislafuerte.com\/wp-content\/uploads\/2025\/01\/MAS02027-min-1024x1536.webp 1024w, https:\/\/laplayitaislafuerte.com\/wp-content\/uploads\/2025\/01\/MAS02027-min-1365x2048.webp 1365w, https:\/\/laplayitaislafuerte.com\/wp-content\/uploads\/2025\/01\/MAS02027-min-8x12.webp 8w, https:\/\/laplayitaislafuerte.com\/wp-content\/uploads\/2025\/01\/MAS02027-min-scaled.webp 1707w\" sizes=\"(max-width: 683px) 100vw, 683px\" \/>\t\t\t\t\t\t\t\t\t\t\t\t\t\t\t<\/div>\n\t\t\t\t<\/div>\n\t\t\t\t<\/div>\n\t\t<div class=\"elementor-element elementor-element-81540f1 e-con-full e-flex e-con e-child\" data-id=\"81540f1\" data-element_type=\"container\" data-e-type=\"container\">\n\t\t<div class=\"elementor-element elementor-element-2ac4d4e e-con-full e-flex e-con e-child\" data-id=\"2ac4d4e\" data-element_type=\"container\" data-e-type=\"container\">\n\t\t\t\t<div class=\"elementor-element elementor-element-2b80832 elementor-button-align-stretch elementor-widget elementor-widget-form\" data-id=\"2b80832\" data-element_type=\"widget\" data-e-type=\"widget\" data-settings=\"{&quot;step_next_label&quot;:&quot;Next&quot;,&quot;step_previous_label&quot;:&quot;Previous&quot;,&quot;button_width&quot;:&quot;30&quot;,&quot;step_type&quot;:&quot;number_text&quot;,&quot;step_icon_shape&quot;:&quot;circle&quot;}\" data-widget_type=\"form.default\">\n\t\t\t\t<div class=\"elementor-widget-container\">\n\t\t\t\t\t\t\t<form class=\"elementor-form\" method=\"post\" name=\"Contact form\" aria-label=\"Contact form\">\n\t\t\t<input type=\"hidden\" name=\"post_id\" value=\"2439\"\/>\n\t\t\t<input type=\"hidden\" name=\"form_id\" value=\"2b80832\"\/>\n\t\t\t<input type=\"hidden\" name=\"referer_title\" value=\"La Playita\" \/>\n\n\t\t\t\n\t\t\t<div class=\"elementor-form-fields-wrapper elementor-labels-\">\n\t\t\t\t\t\t\t\t<div class=\"elementor-field-type-text elementor-field-group elementor-column elementor-field-group-name elementor-col-100\">\n\t\t\t\t\t\t\t\t\t\t\t\t<label for=\"form-field-name\" class=\"elementor-field-label elementor-screen-only\">\n\t\t\t\t\t\t\t\tName\t\t\t\t\t\t\t<\/label>\n\t\t\t\t\t\t\t\t\t\t\t\t\t\t<input size=\"1\" type=\"text\" name=\"form_fields[name]\" id=\"form-field-name\" class=\"elementor-field elementor-size-xs  elementor-field-textual\" placeholder=\"NOMBRE\">\n\t\t\t\t\t\t\t\t\t\t\t<\/div>\n\t\t\t\t\t\t\t\t<div class=\"elementor-field-type-email elementor-field-group elementor-column elementor-field-group-email elementor-col-100 elementor-field-required\">\n\t\t\t\t\t\t\t\t\t\t\t\t<label for=\"form-field-email\" class=\"elementor-field-label elementor-screen-only\">\n\t\t\t\t\t\t\t\tEmail\t\t\t\t\t\t\t<\/label>\n\t\t\t\t\t\t\t\t\t\t\t\t\t\t<input size=\"1\" type=\"email\" name=\"form_fields[email]\" id=\"form-field-email\" class=\"elementor-field elementor-size-xs  elementor-field-textual\" placeholder=\"EMAIL\" required=\"required\">\n\t\t\t\t\t\t\t\t\t\t\t<\/div>\n\t\t\t\t\t\t\t\t<div class=\"elementor-field-type-tel elementor-field-group elementor-column elementor-field-group-field_db0659f elementor-col-100\">\n\t\t\t\t\t\t\t\t\t\t\t\t<label for=\"form-field-field_db0659f\" class=\"elementor-field-label elementor-screen-only\">\n\t\t\t\t\t\t\t\tphone\t\t\t\t\t\t\t<\/label>\n\t\t\t\t\t\t\t\t<input size=\"1\" type=\"tel\" name=\"form_fields[field_db0659f]\" id=\"form-field-field_db0659f\" class=\"elementor-field elementor-size-xs  elementor-field-textual\" placeholder=\"TELEFONO\" pattern=\"[0-9()#&amp;+*-=.]+\" title=\"Only numbers and phone characters (#, -, *, etc) are accepted.\">\n\n\t\t\t\t\t\t<\/div>\n\t\t\t\t\t\t\t\t<div class=\"elementor-field-type-text elementor-field-group elementor-column elementor-field-group-field_564afad elementor-col-100\">\n\t\t\t\t\t\t\t\t\t\t\t\t<label for=\"form-field-field_564afad\" class=\"elementor-field-label elementor-screen-only\">\n\t\t\t\t\t\t\t\tasunto\t\t\t\t\t\t\t<\/label>\n\t\t\t\t\t\t\t\t\t\t\t\t\t\t<input size=\"1\" type=\"text\" name=\"form_fields[field_564afad]\" id=\"form-field-field_564afad\" class=\"elementor-field elementor-size-xs  elementor-field-textual\" placeholder=\"Asunto\">\n\t\t\t\t\t\t\t\t\t\t\t<\/div>\n\t\t\t\t\t\t\t\t<div class=\"elementor-field-type-textarea elementor-field-group elementor-column elementor-field-group-message elementor-col-100\">\n\t\t\t\t\t\t\t\t\t\t\t\t<label for=\"form-field-message\" class=\"elementor-field-label elementor-screen-only\">\n\t\t\t\t\t\t\t\tMessage\t\t\t\t\t\t\t<\/label>\n\t\t\t\t\t\t<textarea class=\"elementor-field-textual elementor-field  elementor-size-xs\" name=\"form_fields[message]\" id=\"form-field-message\" rows=\"4\" placeholder=\"MENSAJE\"><\/textarea>\t\t\t\t<\/div>\n\t\t\t\t\t\t\t\t<div class=\"elementor-field-type-acceptance elementor-field-group elementor-column elementor-field-group-field_d765242 elementor-col-100\">\n\t\t\t\t\t\t\t<div class=\"elementor-field-subgroup\">\n\t\t\t<span class=\"elementor-field-option\">\n\t\t\t\t<input type=\"checkbox\" name=\"form_fields[field_d765242]\" id=\"form-field-field_d765242\" class=\"elementor-field elementor-size-xs  elementor-acceptance-field\">\n\t\t\t\t<label for=\"form-field-field_d765242\">He le\u00eddo y acepto la Pol\u00edtica de Privacidad.<\/label>\t\t\t<\/span>\n\t\t<\/div>\n\t\t\t\t\t\t<\/div>\n\t\t\t\t\t\t\t\t<div class=\"elementor-field-type-acceptance elementor-field-group elementor-column elementor-field-group-field_5fe2cd8 elementor-col-100\">\n\t\t\t\t\t\t\t<div class=\"elementor-field-subgroup\">\n\t\t\t<span class=\"elementor-field-option\">\n\t\t\t\t<input type=\"checkbox\" name=\"form_fields[field_5fe2cd8]\" id=\"form-field-field_5fe2cd8\" class=\"elementor-field elementor-size-xs  elementor-acceptance-field\">\n\t\t\t\t<label for=\"form-field-field_5fe2cd8\">S\u00ed, me gustar\u00eda recibir correos electr\u00f3nicos con ofertas especiales y ofertas exclusivas.<\/label>\t\t\t<\/span>\n\t\t<\/div>\n\t\t\t\t\t\t<\/div>\n\t\t\t\t\t\t\t\t<div class=\"elementor-field-type-recaptcha_v3 elementor-field-group elementor-column elementor-field-group-field_e7bda9b elementor-col-100 recaptcha_v3-bottomright\">\n\t\t\t\t\t<div class=\"elementor-field\" id=\"form-field-field_e7bda9b\"><div class=\"elementor-g-recaptcha\" data-sitekey=\"6Lc4mLkqAAAAAJhKXyNvdrhuznxvOHi3Yx7zRf3a\" data-type=\"v3\" data-action=\"Form\" data-badge=\"bottomright\" data-size=\"invisible\"><\/div><\/div>\t\t\t\t<\/div>\n\t\t\t\t\t\t\t\t<div class=\"elementor-field-group elementor-column elementor-field-type-submit elementor-col-30 e-form__buttons\">\n\t\t\t\t\t<button class=\"elementor-button elementor-size-sm\" type=\"submit\">\n\t\t\t\t\t\t<span class=\"elementor-button-content-wrapper\">\n\t\t\t\t\t\t\t\t\t\t\t\t\t\t\t<span class=\"elementor-button-icon\">\n\t\t\t\t\t\t\t\t\t<svg aria-hidden=\"true\" class=\"e-font-icon-svg e-fas-long-arrow-alt-right\" viewBox=\"0 0 448 512\" xmlns=\"http:\/\/www.w3.org\/2000\/svg\"><path d=\"M313.941 216H12c-6.627 0-12 5.373-12 12v56c0 6.627 5.373 12 12 12h301.941v46.059c0 21.382 25.851 32.09 40.971 16.971l86.059-86.059c9.373-9.373 9.373-24.569 0-33.941l-86.059-86.059c-15.119-15.119-40.971-4.411-40.971 16.971V216z\"><\/path><\/svg>\t\t\t\t\t\t\t\t\t\t\t\t\t\t\t\t\t<\/span>\n\t\t\t\t\t\t\t\t\t\t\t\t\t\t\t\t\t\t\t\t\t\t<span class=\"elementor-button-text\">ENVIAR<\/span>\n\t\t\t\t\t\t\t\t\t\t\t\t\t<\/span>\n\t\t\t\t\t<\/button>\n\t\t\t\t<\/div>\n\t\t\t<\/div>\n\t\t<\/form>\n\t\t\t\t\t\t<\/div>\n\t\t\t\t<\/div>\n\t\t\t\t<\/div>\n\t\t\t\t<\/div>\n\t\t\t\t\t<\/div>\n\t\t\t\t<\/div>\n\t\t<div class=\"elementor-element elementor-element-19efbd87 e-con-full e-flex e-con e-parent\" data-id=\"19efbd87\" data-element_type=\"container\" data-e-type=\"container\">\n\t\t<div class=\"elementor-element elementor-element-7a5e663e e-con-full e-flex e-con e-child\" data-id=\"7a5e663e\" data-element_type=\"container\" data-e-type=\"container\">\n\t\t\t\t<div class=\"elementor-element elementor-element-53f94bf4 elementor-widget elementor-widget-google_maps\" data-id=\"53f94bf4\" data-element_type=\"widget\" data-e-type=\"widget\" data-widget_type=\"google_maps.default\">\n\t\t\t\t<div class=\"elementor-widget-container\">\n\t\t\t\t\t\t\t<div class=\"elementor-custom-embed\">\n\t\t\t<iframe loading=\"lazy\"\n\t\t\t\t\tsrc=\"https:\/\/maps.google.com\/maps?q=La%20Playita%2C%20Isla%20Fuerte&#038;t=m&#038;z=16&#038;output=embed&#038;iwloc=near\"\n\t\t\t\t\ttitle=\"La Playita, Isla Fuerte\"\n\t\t\t\t\taria-label=\"La Playita, Isla Fuerte\"\n\t\t\t><\/iframe>\n\t\t<\/div>\n\t\t\t\t\t\t<\/div>\n\t\t\t\t<\/div>\n\t\t\t\t<\/div>\n\t\t\t\t<\/div>\n\t\t\t\t<\/div>\n\t\t","protected":false},"excerpt":{"rendered":"","protected":false},"author":1,"featured_media":0,"parent":0,"menu_order":0,"comment_status":"closed","ping_status":"closed","template":"","meta":{"_acf_changed":false,"inline_featured_image":false,"footnotes":""},"class_list":["post-2439","page","type-page","status-publish","hentry"],"acf":[],"yoast_head":"<!-- This site is optimized with the Yoast SEO plugin v27.5 - https:\/\/yoast.com\/product\/yoast-seo-wordpress\/ -->\n<title>Contacto - La Playita<\/title>\n<meta name=\"description\" content=\"\u00bfTienes dudas o quieres reservar? Cont\u00e1ctanos en La Playita, Isla Fuerte. Estamos aqu\u00ed para ayudarte a planificar tu pr\u00f3ximo viaje.\" \/>\n<meta name=\"robots\" content=\"index, follow, max-snippet:-1, max-image-preview:large, max-video-preview:-1\" \/>\n<link rel=\"canonical\" href=\"https:\/\/laplayitaislafuerte.com\/eng\/contacto\/\" \/>\n<meta property=\"og:locale\" content=\"en_US\" \/>\n<meta property=\"og:type\" content=\"article\" \/>\n<meta property=\"og:title\" content=\"Contacto - La Playita\" \/>\n<meta property=\"og:description\" content=\"\u00bfTienes dudas o quieres reservar? Cont\u00e1ctanos en La Playita, Isla Fuerte. Estamos aqu\u00ed para ayudarte a planificar tu pr\u00f3ximo viaje.\" \/>\n<meta property=\"og:url\" content=\"https:\/\/laplayitaislafuerte.com\/eng\/contacto\/\" \/>\n<meta property=\"og:site_name\" content=\"La Playita\" \/>\n<meta property=\"article:publisher\" content=\"https:\/\/www.facebook.com\/laplayitaislafuerte\" \/>\n<meta property=\"article:modified_time\" content=\"2025-03-07T14:14:37+00:00\" \/>\n<meta property=\"og:image\" content=\"https:\/\/laplayitaislafuerte.com\/wp-content\/uploads\/2024\/09\/Capa-106-2.png\" \/>\n<meta name=\"twitter:card\" content=\"summary_large_image\" \/>\n<meta name=\"twitter:label1\" content=\"Est. reading time\" \/>\n\t<meta name=\"twitter:data1\" content=\"1 minute\" \/>\n<!-- \/ Yoast SEO plugin. -->","yoast_head_json":{"title":"Contact - La Playita","description":"Have questions or want to book? Contact us at La Playita, Fuerte Island. We&#039;re here to help you plan your next trip.","robots":{"index":"index","follow":"follow","max-snippet":"max-snippet:-1","max-image-preview":"max-image-preview:large","max-video-preview":"max-video-preview:-1"},"canonical":"https:\/\/laplayitaislafuerte.com\/eng\/contacto\/","og_locale":"en_US","og_type":"article","og_title":"Contacto - La Playita","og_description":"\u00bfTienes dudas o quieres reservar? Cont\u00e1ctanos en La Playita, Isla Fuerte. Estamos aqu\u00ed para ayudarte a planificar tu pr\u00f3ximo viaje.","og_url":"https:\/\/laplayitaislafuerte.com\/eng\/contacto\/","og_site_name":"La Playita","article_publisher":"https:\/\/www.facebook.com\/laplayitaislafuerte","article_modified_time":"2025-03-07T14:14:37+00:00","og_image":[{"url":"https:\/\/laplayitaislafuerte.com\/wp-content\/uploads\/2024\/09\/Capa-106-2.png","type":"","width":"","height":""}],"twitter_card":"summary_large_image","twitter_misc":{"Est. reading time":"1 minute"},"schema":{"@context":"https:\/\/schema.org","@graph":[{"@type":"WebPage","@id":"https:\/\/laplayitaislafuerte.com\/eng\/contacto\/","url":"https:\/\/laplayitaislafuerte.com\/eng\/contacto\/","name":"Contact - La Playita","isPartOf":{"@id":"https:\/\/laplayitaislafuerte.com\/#website"},"primaryImageOfPage":{"@id":"https:\/\/laplayitaislafuerte.com\/eng\/contacto\/#primaryimage"},"image":{"@id":"https:\/\/laplayitaislafuerte.com\/eng\/contacto\/#primaryimage"},"thumbnailUrl":"https:\/\/laplayitaislafuerte.com\/wp-content\/uploads\/2024\/09\/Capa-106-2.png","datePublished":"2024-09-05T20:42:15+00:00","dateModified":"2025-03-07T14:14:37+00:00","description":"Have questions or want to book? Contact us at La Playita, Fuerte Island. We&#039;re here to help you plan your next trip.","breadcrumb":{"@id":"https:\/\/laplayitaislafuerte.com\/eng\/contacto\/#breadcrumb"},"inLanguage":"en-US","potentialAction":[{"@type":"ReadAction","target":["https:\/\/laplayitaislafuerte.com\/eng\/contacto\/"]}]},{"@type":"ImageObject","inLanguage":"en-US","@id":"https:\/\/laplayitaislafuerte.com\/eng\/contacto\/#primaryimage","url":"https:\/\/laplayitaislafuerte.com\/wp-content\/uploads\/2024\/09\/Capa-106-2.png","contentUrl":"https:\/\/laplayitaislafuerte.com\/wp-content\/uploads\/2024\/09\/Capa-106-2.png"},{"@type":"BreadcrumbList","@id":"https:\/\/laplayitaislafuerte.com\/eng\/contacto\/#breadcrumb","itemListElement":[{"@type":"ListItem","position":1,"name":"Inicio","item":"https:\/\/laplayitaislafuerte.com\/"},{"@type":"ListItem","position":2,"name":"Contacto"}]},{"@type":"WebSite","@id":"https:\/\/laplayitaislafuerte.com\/#website","url":"https:\/\/laplayitaislafuerte.com\/","name":"The Little Beach","description":"","publisher":{"@id":"https:\/\/laplayitaislafuerte.com\/#organization"},"potentialAction":[{"@type":"SearchAction","target":{"@type":"EntryPoint","urlTemplate":"https:\/\/laplayitaislafuerte.com\/?s={search_term_string}"},"query-input":{"@type":"PropertyValueSpecification","valueRequired":true,"valueName":"search_term_string"}}],"inLanguage":"en-US"},{"@type":"Organization","@id":"https:\/\/laplayitaislafuerte.com\/#organization","name":"The Little Beach","url":"https:\/\/laplayitaislafuerte.com\/","logo":{"@type":"ImageObject","inLanguage":"en-US","@id":"https:\/\/laplayitaislafuerte.com\/#\/schema\/logo\/image\/","url":"https:\/\/laplayitaislafuerte.com\/wp-content\/uploads\/2024\/08\/logo.webp","contentUrl":"https:\/\/laplayitaislafuerte.com\/wp-content\/uploads\/2024\/08\/logo.webp","width":206,"height":127,"caption":"La Playita"},"image":{"@id":"https:\/\/laplayitaislafuerte.com\/#\/schema\/logo\/image\/"},"sameAs":["https:\/\/www.facebook.com\/laplayitaislafuerte","https:\/\/www.instagram.com\/laplayitaislafuerte\/"]}]}},"_links":{"self":[{"href":"https:\/\/laplayitaislafuerte.com\/eng\/wp-json\/wp\/v2\/pages\/2439","targetHints":{"allow":["GET"]}}],"collection":[{"href":"https:\/\/laplayitaislafuerte.com\/eng\/wp-json\/wp\/v2\/pages"}],"about":[{"href":"https:\/\/laplayitaislafuerte.com\/eng\/wp-json\/wp\/v2\/types\/page"}],"author":[{"embeddable":true,"href":"https:\/\/laplayitaislafuerte.com\/eng\/wp-json\/wp\/v2\/users\/1"}],"replies":[{"embeddable":true,"href":"https:\/\/laplayitaislafuerte.com\/eng\/wp-json\/wp\/v2\/comments?post=2439"}],"version-history":[{"count":72,"href":"https:\/\/laplayitaislafuerte.com\/eng\/wp-json\/wp\/v2\/pages\/2439\/revisions"}],"predecessor-version":[{"id":6958,"href":"https:\/\/laplayitaislafuerte.com\/eng\/wp-json\/wp\/v2\/pages\/2439\/revisions\/6958"}],"wp:attachment":[{"href":"https:\/\/laplayitaislafuerte.com\/eng\/wp-json\/wp\/v2\/media?parent=2439"}],"curies":[{"name":"wp","href":"https:\/\/api.w.org\/{rel}","templated":true}]}}